{"id":9,"date":"2016-02-13T11:09:39","date_gmt":"2016-02-13T10:09:39","guid":{"rendered":"http:\/\/scm-football.com\/accueil\/?page_id=9"},"modified":"2025-12-21T21:30:49","modified_gmt":"2025-12-21T20:30:49","slug":"s-cm-evenements","status":"publish","type":"page","link":"http:\/\/scm-football.com\/accueil\/s-cm-evenements\/","title":{"rendered":"S-C&amp;M EV\u00c8NEMENTS :"},"content":{"rendered":"<div class=\"responsive-tabs\">\n<h2 class=\"tabtitle\">CONF\u00c9RENCE FIN 2025<\/h2>\n<div class=\"tabcontent\">\n\n\n\n\n<p><strong>CONF\u00c9RENCE FIN 2025\u2013 Les nouveaux d\u00e9fis de l\u2019agent de joueur de football<\/strong><\/p>\n\n\n\n<p><strong>Organis\u00e9e par le Cabinet N\u2019GAZI Avocats<\/strong><\/p>\n\n\n\n<p>Face \u00e0 l\u2019\u00e9volution rapide des r\u00e8glements <strong>FIFA<\/strong>, \u00e0 la mondialisation accrue du march\u00e9 des transferts et \u00e0 l\u2019impact croissant du num\u00e9rique et de l\u2019intelligence artificielle, le m\u00e9tier d\u2019agent de joueur conna\u00eet une profonde mutation.<\/p>\n\n\n\n<p>Cette conf\u00e9rence propose une analyse claire et concr\u00e8te des <strong>nouveaux d\u00e9fis juridiques, <\/strong>auxquels les agents font face en 2025, ainsi que des <strong>opportunit\u00e9s \u00e0 saisir<\/strong> pour exercer durablement et efficacement dans un environnement en juridiquement s\u00e9curis\u00e9.<\/p>\n\n\n\n<figure class=\"wp-block-image size-large\"><img loading=\"lazy\" decoding=\"async\" width=\"792\" height=\"1024\" src=\"https:\/\/scm-football.com\/accueil\/wp-content\/uploads\/2025\/12\/image-792x1024.png\" alt=\"\" class=\"wp-image-1329\" srcset=\"http:\/\/scm-football.com\/accueil\/wp-content\/uploads\/2025\/12\/image-792x1024.png 792w, http:\/\/scm-football.com\/accueil\/wp-content\/uploads\/2025\/12\/image-232x300.png 232w, http:\/\/scm-football.com\/accueil\/wp-content\/uploads\/2025\/12\/image-768x993.png 768w, http:\/\/scm-football.com\/accueil\/wp-content\/uploads\/2025\/12\/image.png 948w\" sizes=\"auto, (max-width: 792px) 100vw, 792px\" \/><\/figure>\n\n\n\n<figure class=\"wp-block-image size-large\"><img loading=\"lazy\" decoding=\"async\" width=\"769\" height=\"1024\" src=\"https:\/\/scm-football.com\/accueil\/wp-content\/uploads\/2025\/12\/image-1-769x1024.png\" alt=\"\" class=\"wp-image-1330\" srcset=\"http:\/\/scm-football.com\/accueil\/wp-content\/uploads\/2025\/12\/image-1-769x1024.png 769w, http:\/\/scm-football.com\/accueil\/wp-content\/uploads\/2025\/12\/image-1-225x300.png 225w, http:\/\/scm-football.com\/accueil\/wp-content\/uploads\/2025\/12\/image-1-768x1022.png 768w, http:\/\/scm-football.com\/accueil\/wp-content\/uploads\/2025\/12\/image-1.png 949w\" sizes=\"auto, (max-width: 769px) 100vw, 769px\" \/><\/figure>\n\n\n\n<\/div><h2 class=\"tabtitle\">S-C&M EV\u00c8NEMENTS <\/h2>\n<div class=\"tabcontent\">\n\n\n\n\n<p>Le <strong>Groupe S-C&amp;M<\/strong>\u00a0\u00c9v\u00e8nements organise comme chaque ann\u00e9e des manifestations sportives, organisation des matchs internationaux <strong>FIFA<\/strong> (matchs de pr\u00e9paration, amicaux et\/ou caritatifs, France et \u00c9tranger\u2026).<br>Cette ann\u00e9e le\u00a0<strong>Groupe S-C&amp;M<\/strong>\u00a0s\u2019est vu charg\u00e9 de l\u2019organisation (accueil des \u00e9quipes, gestion de la billetterie, transport, publicit\u00e9s et partenariats) de plusieurs matchs amicaux internationaux.<\/p>\n\n\n\n<figure class=\"wp-block-image size-large\"><img loading=\"lazy\" decoding=\"async\" width=\"821\" height=\"1024\" src=\"https:\/\/scm-football.com\/accueil\/wp-content\/uploads\/2025\/12\/image-2-821x1024.png\" alt=\"\" class=\"wp-image-1338\" srcset=\"http:\/\/scm-football.com\/accueil\/wp-content\/uploads\/2025\/12\/image-2-821x1024.png 821w, http:\/\/scm-football.com\/accueil\/wp-content\/uploads\/2025\/12\/image-2-240x300.png 240w, http:\/\/scm-football.com\/accueil\/wp-content\/uploads\/2025\/12\/image-2-768x958.png 768w, http:\/\/scm-football.com\/accueil\/wp-content\/uploads\/2025\/12\/image-2.png 948w\" sizes=\"auto, (max-width: 821px) 100vw, 821px\" \/><\/figure>\n\n\n<\/div><\/div>\n\n\n\n<p><\/p>\n","protected":false},"excerpt":{"rendered":"<p>CONF\u00c9RENCE FIN 2025\u2013 Les nouveaux d\u00e9fis de l\u2019agent de joueur de football Organis\u00e9e par le Cabinet N\u2019GAZI Avocats Face \u00e0 l\u2019\u00e9volution rapide des r\u00e8glements FIFA, \u00e0 la mondialisation accrue du march\u00e9 des transferts et \u00e0 l\u2019impact croissant du num\u00e9rique et &hellip; <a href=\"http:\/\/scm-football.com\/accueil\/s-cm-evenements\/\">Continuer la lecture <span class=\"meta-nav\">&rarr;<\/span><\/a><\/p>\n","protected":false},"author":1,"featured_media":0,"parent":0,"menu_order":0,"comment_status":"closed","ping_status":"closed","template":"sidebar-page.php","meta":{"footnotes":""},"class_list":["post-9","page","type-page","status-publish","hentry"],"_links":{"self":[{"href":"http:\/\/scm-football.com\/accueil\/wp-json\/wp\/v2\/pages\/9","targetHints":{"allow":["GET"]}}],"collection":[{"href":"http:\/\/scm-football.com\/accueil\/wp-json\/wp\/v2\/pages"}],"about":[{"href":"http:\/\/scm-football.com\/accueil\/wp-json\/wp\/v2\/types\/page"}],"author":[{"embeddable":true,"href":"http:\/\/scm-football.com\/accueil\/wp-json\/wp\/v2\/users\/1"}],"replies":[{"embeddable":true,"href":"http:\/\/scm-football.com\/accueil\/wp-json\/wp\/v2\/comments?post=9"}],"version-history":[{"count":29,"href":"http:\/\/scm-football.com\/accueil\/wp-json\/wp\/v2\/pages\/9\/revisions"}],"predecessor-version":[{"id":1485,"href":"http:\/\/scm-football.com\/accueil\/wp-json\/wp\/v2\/pages\/9\/revisions\/1485"}],"wp:attachment":[{"href":"http:\/\/scm-football.com\/accueil\/wp-json\/wp\/v2\/media?parent=9"}],"curies":[{"name":"wp","href":"https:\/\/api.w.org\/{rel}","templated":true}]}}