{"id":5,"date":"2016-02-13T11:04:06","date_gmt":"2016-02-13T10:04:06","guid":{"rendered":"http:\/\/scm-football.com\/accueil\/?page_id=5"},"modified":"2026-02-22T18:41:29","modified_gmt":"2026-02-22T17:41:29","slug":"presentation","status":"publish","type":"page","link":"http:\/\/scm-football.com\/accueil\/","title":{"rendered":""},"content":{"rendered":"\n<div class=\"animated lightSpeedIn\">\n<div style=\"float:right;\"><img border=\"1\" style=\"margin:5px;padding:5px\"src=\"http:\/\/scm-football.com\/accueil\/wp-content\/uploads\/2025\/12\/jacky_mouyal.jpg\" alt=\"\" width=\"199\" height=\"218\" ><br><center><strong>JACKY MOUYAL<br>Agent FIFA, FFF &#038; FA<\/strong><\/div>\n<p><strong>Jacky Mouyal<\/strong> est un agent <strong>FIFA, FFF &#038; FA<\/strong> de renom et le propri\u00e9taire de <strong>Sport-Consulting &amp; Management GmbH<\/strong>, une soci\u00e9t\u00e9 de repr\u00e9sentation et de management de joueurs  bas\u00e9e en Suisse en France et dans le monde. Il s&#8217;est forg\u00e9 une solide r\u00e9putation dans le monde du sport, notamment dans le football, o\u00f9 il est actif depuis la fin des ann\u00e9es 1980. Son entreprise propose une gamme de services, incluant la repr\u00e9sentation et le recrutement de joueurs et d&#8217;entra\u00eeneurs, et est reconnue pour son travail avec des athl\u00e8tes de haut niveau. Aux c\u00f4t\u00e9s de <strong>Jacky Mouyal<\/strong>, Florence-Eva occupe le poste de directrice g\u00e9n\u00e9rale, t\u00e9moignant de l&#8217;engagement de l&#8217;agence envers le d\u00e9veloppement des joueurs et un management efficace.<br><strong>Jacky Mouyal<\/strong> est particuli\u00e8rement reconnu pour son implication constante dans le football suisse et fran\u00e7ais, notamment \u00e0 travers l&#8217;acquisition des clubs suisses du FC Sion et de l&#8217;Hapoel Kfar Saba. Les n\u00e9gociations pour l&#8217;acquisition de ces clubs ont atteint un point critique lorsque <strong>Jacky Mouyal<\/strong> aurait donn\u00e9 son accord pour un contrat, illustrant son influence croissante dans le paysage footballistique. Ces acquisitions marquent une \u00e9tape importante dans sa carri\u00e8re, car poss\u00e9der un club de football ouvre de nouvelles perspectives en mati\u00e8re de gestion des joueurs et des entra\u00eeneurs, ainsi que d&#8217;implication op\u00e9rationnelle.<br>\nOutre sa carri\u00e8re d&#8217;entra\u00eeneur, <strong>Jacky Mouyal<\/strong> a \u00e9t\u00e9 l&#8217;agent principal de nombreux joueurs de renom et a facilit\u00e9 d&#8217;importants transferts. Ses relations avec ses clients et sa fine compr\u00e9hension de la dynamique d&#8217;\u00e9quipe lui ont valu une grande cr\u00e9dibilit\u00e9 en tant que conseiller de confiance dans le monde du football. Il s&#8217;est particuli\u00e8rement investi dans les discussions sur le bien-\u00eatre et l&#8217;\u00e9panouissement professionnel des joueurs, insistant sur l&#8217;importance de l&#8217;ad\u00e9quation entre les athl\u00e8tes et leurs \u00e9quipes respectives, comme en t\u00e9moignent ses analyses pertinentes du ressenti des joueurs envers les clubs et le staff technique.<br>Le parcours professionnel de <strong>Jacky Mouyal<\/strong> refl\u00e8te un engagement profond envers la progression des joueurs, des entra\u00eeneurs et des clubs qu&#8217;il repr\u00e9sente. Sa formation et ses exp\u00e9riences pr\u00e9c\u00e9dentes au sein de diverses organisations sportives ont jet\u00e9 des bases solides pour ses projets actuels. Au fil de sa progression, ses d\u00e9cisions strat\u00e9giques et ses analyses continueront de fa\u00e7onner le paysage futur du management du football et la repr\u00e9sentation des joueurs et des entra\u00eeneurs en France, en Suisse&nbsp; et au-del\u00e0, dans le monde entier<strong> &#127757;.<\/p>\n<p>Le <strong>Groupe S-C&amp;M<\/strong> a pour vocation de fournir un panel de services complets r\u00e9pondant aux acteurs du monde sportif en g\u00e9n\u00e9ral et au football en particulier.<br>A travers ce site internet, vous trouverez toutes les informations n\u00e9cessaires au <strong>Groupe S-C&amp;M<\/strong>,ses activit\u00e9s et \u00e9v\u00e9nements organis\u00e9s, ainsi que toutes les informations concernant les joueurs et entra\u00eeneurs du <strong>Groupe S-C&amp;M<\/strong><\/strong>.<\/p>\n<\/div>\n\n\n\n<hr><h1>INFOS<\/h1><hr>\n\n\n<div class=\"slideshow-container2\">\n        <div class=\"mySlides2 fade\">\n            <a href=\"http:\/\/scm-football.com\/accueil\/super-joueur-et-maintenant-super-coach-tu-le-merites-john\/\">\n                <img decoding=\"async\" src=\"http:\/\/scm-football.com\/accueil\/wp-content\/uploads\/2026\/04\/John-PAINTSIL-819x1024.jpg\" style=\"width:100%;height:100%\">\n            <\/a>\n            <div class=\"text\">&#8220;SUPER JOUEUR ET MAINTENANT SUPER ENTRA\u00ceNEUR&#8230; TU LE M\u00c9RITES JOHN &#8221; &#8220;GREAT PLAYER AND NOW GREAT COACH&#8230; YOU DESERVE IT JOHN&#8221;<\/div>\n        <\/div>\n        <div class=\"mySlides2 fade\">\n            <a href=\"http:\/\/scm-football.com\/accueil\/bienvenu-a-alioune-toure-au-sein-de-notre-equipe\/\">\n                <img decoding=\"async\" src=\"http:\/\/scm-football.com\/accueil\/wp-content\/uploads\/2026\/03\/image-1-768x1024.png\" style=\"width:100%;height:100%\">\n            <\/a>\n            <div class=\"text\">BIENVENU \u00e0 Alioune TOUR\u00c9 au sein de notre \u00e9quipe !!!<\/div>\n        <\/div>\n        <div class=\"mySlides2 fade\">\n            <a href=\"http:\/\/scm-football.com\/accueil\/joueurs-les-plus-decisifs-messi-en-forme-mondiale\/\">\n                <img decoding=\"async\" src=\"http:\/\/scm-football.com\/accueil\/wp-content\/uploads\/2026\/03\/messi2.jpg\" style=\"width:100%;height:100%\">\n            <\/a>\n            <div class=\"text\">Joueurs les plus d\u00e9cisifs : Messi en forme mondiale<\/div>\n        <\/div>\n        <div class=\"mySlides2 fade\">\n            <a href=\"http:\/\/scm-football.com\/accueil\/le-club-de-rennes-actuellement-6e-de-ligue-1\/\">\n                <img decoding=\"async\" src=\"http:\/\/scm-football.com\/accueil\/wp-content\/uploads\/2026\/02\/franck--e1771447785597.jpg\" style=\"width:100%;height:100%\">\n            <\/a>\n            <div class=\"text\">Franck Haise au poste d\u2019entra\u00eeneur jusqu\u2019en 2027<\/div>\n        <\/div>\n        <div class=\"mySlides2 fade\">\n            <a href=\"http:\/\/scm-football.com\/accueil\/2955-2\/\">\n                <img decoding=\"async\" src=\"http:\/\/scm-football.com\/accueil\/wp-content\/uploads\/2026\/01\/Livre-Jean-Claude-DARMON-768x1024.jpg\" style=\"width:100%;height:100%\">\n            <\/a>\n            <div class=\"text\">UNE VIE UN DESTIN REMPLI DE PARTAGE<\/div>\n        <\/div>\n    <a class=\"prev\" onclick=\"plusSlides1(-1)\">\u276e<\/a>\n    <a class=\"next\" onclick=\"plusSlides1(1)\">\u276f<\/a>\n    <\/div>\n\n    <div style=\"text-align:center\"><span class=\"dot2\" onclick=\"currentSlide1(1)\"><\/span><span class=\"dot2\" onclick=\"currentSlide1(2)\"><\/span><span class=\"dot2\" onclick=\"currentSlide1(3)\"><\/span><span class=\"dot2\" onclick=\"currentSlide1(4)\"><\/span><span class=\"dot2\" onclick=\"currentSlide1(5)\"><\/span><\/div>\n\n\n\n<script>\ndocument.addEventListener(\"DOMContentLoaded\", () => {\n  const popup1 = document.getElementById(\"popup1\");\n  const popup2 = document.getElementById(\"popup2\");\n  const openBtn = document.getElementById(\"open-popup\");\n\n  const AUTO_CLOSE = 8000;\n\n  \/\/ ouverture auto\n   setTimeout(() => popup1.classList.add(\"show\"), 500);\n\n  \/\/ auto close popup 1\n  \/\/setTimeout(() => closePopup(popup1, popup2), AUTO_CLOSE);\n\n  popup1.querySelector(\".close\").onclick = () => closePopup(popup1, popup2);\n\n  popup2.querySelector(\".close\").onclick = () => {\n    popup2.classList.remove(\"show\");\n    openBtn.style.display = \"flex\";\n  };\n\n  openBtn.onclick = () => {\n    popup1.classList.add(\"show\");\n    openBtn.style.display = \"none\";\n  };\n\n  function closePopup(current, next) {\n    current.classList.remove(\"show\");\n    setTimeout(() => next.classList.add(\"show\"), 700);\n  }\n});\n<\/script>\n<script>\nlet slideIndex1 = 1;\nshowSlides1(slideIndex1);\n\n\/\/ fl\u00e8ches\nfunction plusSlides1(n) {\n  showSlides1(slideIndex1 += n);\n}\n\n\/\/ dots\nfunction currentSlide1(n) {\n  showSlides1(slideIndex1 = n);\n}\n\nfunction showSlides1(n) {\n  let i;\n  let slides = document.getElementsByClassName(\"mySlides2\");\n  let dots = document.getElementsByClassName(\"dot2\");\n\n  if (n > slides.length) {slideIndex1 = 1}\n  if (n < 1) {slideIndex1 = slides.length}\n\n  for (i = 0; i < slides.length; i++) {\n    slides[i].style.display = \"none\";\n  }\n\n  for (i = 0; i < dots.length; i++) {\n    dots[i].className = dots[i].className.replace(\" active\", \"\");\n  }\n\n  slides[slideIndex1 - 1].style.display = \"block\";\n  if (dots[slideIndex1 - 1]) {\n    dots[slideIndex1 - 1].className += \" active\";\n  }\n}\n\n\/* &#x1f525; AUTO SLIDE *\/\nsetInterval(function () {\n  plusSlides1(1);\n}, 5000); \/\/ 5 secondes (change si tu veux)\n<\/script>\n\n\n\n<hr><h1>ILS NOUS FONT CONFIANCE<\/h1><hr>\n\n\n\n<br><center><img decoding=\"async\" src=\"http:\/\/scm-football.com\/accueil\/wp-content\/uploads\/2025\/12\/fifa.png\" width=\"100\"><\/center>\n\n\n\n<hr class=\"wp-block-separator has-alpha-channel-opacity\"\/>\n\n\n\n<div class=\"wp-block-columns is-layout-flex wp-container-core-columns-is-layout-9d6595d7 wp-block-columns-is-layout-flex\">\n<div class=\"wp-block-column is-layout-flow wp-block-column-is-layout-flow\">\n<center><img decoding=\"async\" src=\"http:\/\/scm-football.com\/accueil\/wp-content\/uploads\/2025\/12\/Logo-FFF.jpeg\" width=\"100\">\n&nbsp;&nbsp;&nbsp;&nbsp;\n<img decoding=\"async\" src=\"http:\/\/scm-football.com\/accueil\/wp-content\/uploads\/2025\/12\/Logo-UEFA.jpg\" width=\"100\">\n&nbsp;&nbsp;&nbsp;&nbsp;\n<img decoding=\"async\" src=\"http:\/\/scm-football.com\/accueil\/wp-content\/uploads\/2025\/12\/The-FA.png\" width=\"90\"><br><br>\n<img src='http:\/\/scm-football.com\/accueil\/wp-content\/uploads\/2025\/12\/sfv-asf-swiss.png' width=\"100\">\n&nbsp;&nbsp;&nbsp;&nbsp;\n<img src='http:\/\/scm-football.com\/accueil\/wp-content\/uploads\/2026\/01\/knvblogo.jpg' width=\"100\">\n&nbsp;&nbsp;&nbsp;&nbsp;\n<img decoding=\"async\"  src=\"http:\/\/scm-football.com\/accueil\/wp-content\/uploads\/2026\/02\/Logo_Federation_Israel_Football.png\" alt=\"\" width=\"80\"  \/>\n\n\n<\/div>\n<\/div>\n\n\n\n<br><br><div style=\"font-size:10px; text-align:center;\">Nombre de visiteurs  : 41597<\/div>\n\n\n\n<div class=\"wp-block-columns is-layout-flex wp-container-core-columns-is-layout-9d6595d7 wp-block-columns-is-layout-flex\">\n<div class=\"wp-block-column is-layout-flow wp-block-column-is-layout-flow\" style=\"flex-basis:25%\"><\/div>\n\n\n\n<div class=\"wp-block-column is-layout-flow wp-block-column-is-layout-flow\" style=\"flex-basis:50%\"><\/div>\n\n\n\n<div class=\"wp-block-column is-layout-flow wp-block-column-is-layout-flow\" style=\"flex-basis:25%\"><\/div>\n<\/div>\n\n\n\n<p><\/p>\n","protected":false},"excerpt":{"rendered":"<p>JACKY MOUYALAgent FIFA, FFF &#038; FA Jacky Mouyal est un agent FIFA, FFF &#038; FA de renom et le propri\u00e9taire de Sport-Consulting &amp; Management GmbH, une soci\u00e9t\u00e9 de repr\u00e9sentation et de management de joueurs bas\u00e9e en Suisse en France et &hellip; <a href=\"http:\/\/scm-football.com\/accueil\/2955-2\/\">Continuer la lecture <span class=\"meta-nav\">&rarr;<\/span><\/a><\/p>\n","protected":false},"author":1,"featured_media":1624,"parent":0,"menu_order":0,"comment_status":"closed","ping_status":"closed","template":"sidebar-page.php","meta":{"footnotes":""},"class_list":["post-5","page","type-page","status-publish","has-post-thumbnail","hentry"],"_links":{"self":[{"href":"http:\/\/scm-football.com\/accueil\/wp-json\/wp\/v2\/pages\/5","targetHints":{"allow":["GET"]}}],"collection":[{"href":"http:\/\/scm-football.com\/accueil\/wp-json\/wp\/v2\/pages"}],"about":[{"href":"http:\/\/scm-football.com\/accueil\/wp-json\/wp\/v2\/types\/page"}],"author":[{"embeddable":true,"href":"http:\/\/scm-football.com\/accueil\/wp-json\/wp\/v2\/users\/1"}],"replies":[{"embeddable":true,"href":"http:\/\/scm-football.com\/accueil\/wp-json\/wp\/v2\/comments?post=5"}],"version-history":[{"count":199,"href":"http:\/\/scm-football.com\/accueil\/wp-json\/wp\/v2\/pages\/5\/revisions"}],"predecessor-version":[{"id":3179,"href":"http:\/\/scm-football.com\/accueil\/wp-json\/wp\/v2\/pages\/5\/revisions\/3179"}],"wp:featuredmedia":[{"embeddable":true,"href":"http:\/\/scm-football.com\/accueil\/wp-json\/wp\/v2\/media\/1624"}],"wp:attachment":[{"href":"http:\/\/scm-football.com\/accueil\/wp-json\/wp\/v2\/media?parent=5"}],"curies":[{"name":"wp","href":"https:\/\/api.w.org\/{rel}","templated":true}]}}