{"id":3208,"date":"2026-03-19T20:09:58","date_gmt":"2026-03-19T19:09:58","guid":{"rendered":"https:\/\/scm-football.com\/accueil\/?page_id=3208"},"modified":"2026-03-19T20:10:47","modified_gmt":"2026-03-19T19:10:47","slug":"recrutement-scout","status":"publish","type":"page","link":"http:\/\/scm-football.com\/accueil\/recrutement-scout\/","title":{"rendered":"&#8211; RECRUTEMENT SCOUT &#8211;"},"content":{"rendered":"\n<p>Le <strong>groupe S-C&amp;M<\/strong> recherche actuellement des <strong>Scouts<\/strong> sur l\u2019ensemble de la France mais aussi au seinde tous les pays du monde.<\/p>\n\n\n\n<p>Ci-dessous, vous trouverez toutes les informations n\u00e9cessaires.<br><br><\/p>\n\n\n\n<p><strong>S-C&amp;M Football (Scout) : Comp\u00e9tences :<\/strong><\/p>\n\n\n\n<p>\u2013 Mise en place d\u2019un r\u00e9seau r\u00e9gional pour des joueurs de niveau \u2013 15 ans, \u2013 17 ans, \u2013 19 ans nationaux, C.F.A, National, Ligue 2 &amp; Ligue1.<br>\u2013 G\u00e9rer et assurer le suivi du secteur g\u00e9ographique sp\u00e9cifique suivant les orientations d\u00e9finies.<br>\u2013 Assurer un compte rendu efficace et r\u00e9gulier sur les activit\u00e9s mises en place.<\/p>\n\n\n\n<p><strong>Profil souhait\u00e9 :<\/strong><\/p>\n\n\n\n<p>\u2013 Ancien joueur de football professionnel (Niveau Ligue 1, Ligue 2 &amp;National).<br>\u2013 Excellente connaissance du milieu du football.<br>\u2013 Ma\u00eetrise de la r\u00e9glementation FIFA &amp; FFF&amp; FA.<br>\u2013 Capacit\u00e9 d\u2019organisation, d\u2019anticipation, d\u2019analyse et de synth\u00e8se.<br>\u2013 Qualit\u00e9 manag\u00e9riale, rigueur, sens du relationnel, autonomie, disponibilit\u00e9, mobilit\u00e9.<br>\u2013 Ma\u00eetrise des langues \u00e9trang\u00e8res souhait\u00e9es<\/p>\n\n\n\n<p><strong>Lieu :<\/strong>\u2013 France et Monde<\/p>\n\n\n\n<p><strong>Conditions particuli\u00e8res :<\/strong>\u2013 Poste \u00e0 pourvoir Imm\u00e9diatement.<\/p>\n\n\n\n<p><strong>Soci\u00e9t\u00e9 :<\/strong>\u2013 Groupe S-C&amp;M FOOTBALL.<\/p>\n\n\n\n<p>Coordonn\u00e9es :<\/p>\n\n\n\n<p>\u2013 CV + Lettre de motivation + r\u00e9f\u00e9rences \u00e0 adresser \u00e0 :<br>Groupe S-C&amp;M FOOTBALL par e-mail :<a href=\"mailto:office@scm-football.com\" target=\"_blank\" rel=\"noreferrer noopener\"><strong>office@scm-football.com<\/strong><\/a><\/p>\n","protected":false},"excerpt":{"rendered":"<p>Le groupe S-C&amp;M recherche actuellement des Scouts sur l\u2019ensemble de la France mais aussi au seinde tous les pays du monde. Ci-dessous, vous trouverez toutes les informations n\u00e9cessaires. S-C&amp;M Football (Scout) : Comp\u00e9tences : \u2013 Mise en place d\u2019un r\u00e9seau &hellip; <a href=\"http:\/\/scm-football.com\/accueil\/recrutement-scout\/\">Continuer la lecture <span class=\"meta-nav\">&rarr;<\/span><\/a><\/p>\n","protected":false},"author":1,"featured_media":0,"parent":0,"menu_order":0,"comment_status":"closed","ping_status":"closed","template":"sidebar-page.php","meta":{"footnotes":""},"class_list":["post-3208","page","type-page","status-publish","hentry"],"_links":{"self":[{"href":"http:\/\/scm-football.com\/accueil\/wp-json\/wp\/v2\/pages\/3208","targetHints":{"allow":["GET"]}}],"collection":[{"href":"http:\/\/scm-football.com\/accueil\/wp-json\/wp\/v2\/pages"}],"about":[{"href":"http:\/\/scm-football.com\/accueil\/wp-json\/wp\/v2\/types\/page"}],"author":[{"embeddable":true,"href":"http:\/\/scm-football.com\/accueil\/wp-json\/wp\/v2\/users\/1"}],"replies":[{"embeddable":true,"href":"http:\/\/scm-football.com\/accueil\/wp-json\/wp\/v2\/comments?post=3208"}],"version-history":[{"count":1,"href":"http:\/\/scm-football.com\/accueil\/wp-json\/wp\/v2\/pages\/3208\/revisions"}],"predecessor-version":[{"id":3209,"href":"http:\/\/scm-football.com\/accueil\/wp-json\/wp\/v2\/pages\/3208\/revisions\/3209"}],"wp:attachment":[{"href":"http:\/\/scm-football.com\/accueil\/wp-json\/wp\/v2\/media?parent=3208"}],"curies":[{"name":"wp","href":"https:\/\/api.w.org\/{rel}","templated":true}]}}