{"id":3113,"date":"2026-02-18T19:45:14","date_gmt":"2026-02-18T18:45:14","guid":{"rendered":"https:\/\/scm-football.com\/accueil\/?page_id=3113"},"modified":"2026-03-21T15:06:51","modified_gmt":"2026-03-21T14:06:51","slug":"3113-2","status":"publish","type":"page","link":"http:\/\/scm-football.com\/accueil\/3113-2\/","title":{"rendered":"&#8211; R\u00e9sultats &#8211;"},"content":{"rendered":"\n<h1 class=\"wp-block-heading\">Classement buteur Ligue Des Champions<\/h1>\n\n\n\n<p><\/p>\n\n\n\n<table border=\"1\" cellspacing=\"0\" cellpadding=\"5\">\n  <thead>\n    <tr>\n      <th>Pos<\/th>\n      <th>Joueur<\/th>\n      <th>\u00c9quipe<\/th>\n      <th>V4<\/th>\n      <th>V3<\/th>\n      <th>V2<\/th>\n      <th>V1<\/th>\n    <\/tr>\n  <\/thead>\n  <tbody>\n    <tr><td>1<\/td><td><img decoding=\"async\" class=\"photo\" src=\"https:\/\/media.api.idalgo.idalgo-hosting.com\/Person\/33x47\/person_65446.jpg\" loading=\"lazy\" title=\"Kylian Mbapp&eacute;\"> Kylian Mbapp\u00e9<\/td><td>Real Madrid<\/td><td>3<\/td><td>1,44<\/td><td>9<\/td><td>13<\/td><\/tr>\n    <tr><td>2<\/td><td><img decoding=\"async\" class=\"photo\" src=\"https:\/\/media.api.idalgo.idalgo-hosting.com\/Person\/33x47\/person_42817.jpg\" loading=\"lazy\" title=\"Harry Kane\"> Harry Kane<\/td><td>Bayern Munich<\/td><td>3<\/td><td>1,11<\/td><td>9<\/td><td>10<\/td><\/tr>\n    <tr><td>3<\/td><td><img decoding=\"async\" class=\"photo\" src=\"https:\/\/media.api.idalgo.idalgo-hosting.com\/Person\/33x47\/person_85297.jpg\" loading=\"lazy\" title=\"Anthony Gordon\"> Anthony Gordon<\/td><td>Newcastle<\/td><td>5<\/td><td>0,83<\/td><td>12<\/td><td>10<\/td><\/tr>\n    <tr><td>4<\/td><td><img decoding=\"async\" class=\"photo\" src=\"https:\/\/media.api.idalgo.idalgo-hosting.com\/Person\/33x47\/person_112701.jpg\" loading=\"lazy\" title=\"Erling Haaland\"> Erling Haaland<\/td><td>Manchester City<\/td><td>1<\/td><td>0,8<\/td><td>10<\/td><td>8<\/td><\/tr>\n    <tr><td>5<\/td><td><img decoding=\"async\" class=\"photo\" src=\"https:\/\/media.api.idalgo.idalgo-hosting.com\/Person\/33x47\/person_92264.jpg\" loading=\"lazy\" title=\"Juli&aacute;n &Aacute;lvarez\"> Juli\u00e1n \u00c1lvarez<\/td><td>Atl\u00e9tico Madrid<\/td><td>2<\/td><td>0,73<\/td><td>11<\/td><td>8<\/td><\/tr>\n    <tr><td>6<\/td><td><img decoding=\"async\" class=\"photo\" src=\"https:\/\/media.api.idalgo.idalgo-hosting.com\/Person\/33x47\/person_115222.jpg\" loading=\"lazy\" title=\"Khvicha Kvaratskhelia\"> Khvicha Kvaratskhelia<\/td><td>Paris SG<\/td><td>0<\/td><td>0,64<\/td><td>11<\/td><td>7<\/td><\/tr>\n    <tr><td>7<\/td><td><img decoding=\"async\" class=\"photo\" src=\"https:\/\/media.api.idalgo.idalgo-hosting.com\/Person\/33x47\/person_76532.jpg\" loading=\"lazy\" title=\"Victor James Osimhen\"> Victor Osimhen<\/td><td>Galatasaray<\/td><td>2<\/td><td>0,7<\/td><td>10<\/td><td>7<\/td><\/tr>\n    <tr><td>8<\/td><td><img decoding=\"async\" class=\"photo\" src=\"https:\/\/media.api.idalgo.idalgo-hosting.com\/Person\/33x47\/person_161358.jpg\" loading=\"lazy\" title=\"Fermin Lopez\"> Fermin Lopez<\/td><td>FC Barcelone<\/td><td>0<\/td><td>0,67<\/td><td>9<\/td><td>6<\/td><\/tr>\n    <tr><td>9<\/td><td><img decoding=\"async\" class=\"photo\" src=\"https:\/\/media.api.idalgo.idalgo-hosting.com\/Person\/33x47\/person_98725.jpg\" loading=\"lazy\" title=\"Gabriel Martinelli\"> Gabriel Martinelli<\/td><td>Arsenal<\/td><td>0<\/td><td>0,67<\/td><td>9<\/td><td>6<\/td><\/tr>\n    <tr><td>10<\/td><td><img decoding=\"async\" class=\"photo\" src=\"https:\/\/media.api.idalgo.idalgo-hosting.com\/Person\/33x47\/person_74703.jpg\" loading=\"lazy\" title=\"Harvey Lewis Barnes\"> Harvey Barnes<\/td><td>Newcastle<\/td><td>0<\/td><td>0,5<\/td><td>12<\/td><td>6<\/td><\/tr>\n    <tr><td>11<\/td><td><img decoding=\"async\" class=\"photo\" src=\"https:\/\/media.api.idalgo.idalgo-hosting.com\/Person\/33x47\/person_112984.jpg\" loading=\"lazy\" title=\"Jens Petter Hauge\"> Jens Petter Hauge<\/td><td>Bod\u00f8\/Glimt<\/td><td>0<\/td><td>0,5<\/td><td>12<\/td><td>6<\/td><\/tr>\n    <tr><td>12<\/td><td><img decoding=\"async\" class=\"photo\" src=\"https:\/\/media.api.idalgo.idalgo-hosting.com\/Person\/33x47\/person_110076.jpg\" loading=\"lazy\" title=\"Vitor Machado Ferreira\"> Vitinha<\/td><td>Paris SG<\/td><td>1<\/td><td>0,5<\/td><td>12<\/td><td>6<\/td><\/tr>\n    <tr><td>13<\/td><td><img decoding=\"async\" class=\"photo\" src=\"https:\/\/media.api.idalgo.idalgo-hosting.com\/Person\/33x47\/person_159430.jpg\" loading=\"lazy\" title=\"Lamine Yamal Nasraoui Ebana\"> Lamine Yamal<\/td><td>FC Barcelone<\/td><td>3<\/td><td>0,75<\/td><td>8<\/td><td>6<\/td><\/tr>\n    <tr><td>14<\/td><td><img decoding=\"async\" class=\"photo\" src=\"https:\/\/media.api.idalgo.idalgo-hosting.com\/Person\/33x47\/person_90909.jpg\" loading=\"lazy\" title=\"Gorka Guruzeta Rodr&iacute;guez\">Guruzeta Rodr\u00edguez<\/td><td>Athletic Bilbao<\/td><td>0<\/td><td>0,83<\/td><td>6<\/td><td>5<\/td><\/tr>\n    <tr><td>15<\/td><td><img decoding=\"async\" class=\"photo\" src=\"https:\/\/media.api.idalgo.idalgo-hosting.com\/Person\/33x47\/person_65237.jpg\" loading=\"lazy\" title=\"Marcus Rashford\"> Marcus Rashford<\/td><td>FC Barcelone<\/td><td>0<\/td><td>0,56<\/td><td>9<\/td><td>5<\/td><\/tr>\n    <tr><td>16<\/td><td><img decoding=\"async\" class=\"photo\" src=\"https:\/\/media.api.idalgo.idalgo-hosting.com\/Person\/33x47\/person_228237.jpg\" loading=\"lazy\" title=\"Camilo Dur&aacute;n\"> Camilo Dur\u00e1n<\/td><td>FK Qarabag<\/td><td>0<\/td><td>0,5<\/td><td>10<\/td><td>5<\/td><\/tr>\n    <tr><td>17<\/td><td><img decoding=\"async\" width=\"30\" class=\"photo\" src=\"https:\/\/media.api.idalgo.idalgo-hosting.com\/Person\/33x47\/person_66661.jpg\" loading=\"lazy\" title=\"Alexander Sorloth\"> Alexander Sorloth<\/td><td>Atl\u00e9tico Madrid<\/td><td>0<\/td><td>0,45<\/td><td>11<\/td><td>5<\/td><\/tr>\n    <tr><td>18<\/td><td><img decoding=\"async\" class=\"photo\" src=\"https:\/\/media.api.idalgo.idalgo-hosting.com\/Person\/33x47\/person_164184.jpg\" loading=\"lazy\" title=\"Kasper Hogh\"> Kasper Hogh<\/td><td>Bod\u00f8\/Glimt<\/td><td>0<\/td><td>0,42<\/td><td>12<\/td><td>5<\/td><\/tr>\n    <tr><td>19<\/td><td><img decoding=\"async\" class=\"photo\" src=\"https:\/\/media.api.idalgo.idalgo-hosting.com\/Person\/33x47\/person_86330.jpg\" loading=\"lazy\" title=\"Dominik Szoboszlai\"> Dominik Szoboszlai<\/td><td>Liverpool<\/td><td>1<\/td><td>0,5<\/td><td>10<\/td><td>5<\/td><\/tr>\n    <tr><td>20<\/td><td><img decoding=\"async\" class=\"photo\" src=\"https:\/\/media.api.idalgo.idalgo-hosting.com\/Person\/33x47\/person_89759.jpg\" loading=\"lazy\" title=\"Luis Su&aacute;rez Charris\"> Luis Su\u00e1rez<\/td><td>Sporting<\/td><td>2<\/td><td>0,5<\/td><td>10<\/td><td>5<\/td><\/tr>\n  <\/tbody>\n<\/table>\n\n\n\n<p><strong>\u00abLes racistes sont avant tout des l\u00e2ches\u00bb&nbsp;: Vinicius r\u00e8gle ses comptes apr\u00e8s s\u2019\u00eatre plaint d\u2019injures racistes lors de Benfica-Real Madrid<\/strong><\/p>\n\n\n\n<figure class=\"wp-block-image size-large\"><img loading=\"lazy\" decoding=\"async\" width=\"1024\" height=\"683\" src=\"https:\/\/scm-football.com\/accueil\/wp-content\/uploads\/2026\/02\/image003-1024x683.png\" alt=\"\" class=\"wp-image-3117\" srcset=\"http:\/\/scm-football.com\/accueil\/wp-content\/uploads\/2026\/02\/image003-1024x683.png 1024w, http:\/\/scm-football.com\/accueil\/wp-content\/uploads\/2026\/02\/image003-300x200.png 300w, http:\/\/scm-football.com\/accueil\/wp-content\/uploads\/2026\/02\/image003-768x512.png 768w, http:\/\/scm-football.com\/accueil\/wp-content\/uploads\/2026\/02\/image003-450x300.png 450w, http:\/\/scm-football.com\/accueil\/wp-content\/uploads\/2026\/02\/image003.png 1194w\" sizes=\"auto, (max-width: 1024px) 100vw, 1024px\" \/><\/figure>\n\n\n\n<p><strong>Au centre d\u2019une nouvelle pol\u00e9mique o\u00f9 il aurait \u00e9t\u00e9 la cible d\u2019injures racistes de la part du joueur argentin Gianluca Prestianni, mardi soir en barrage aller de Ligue des champions, Vinicius Jr a pris la parole sur les r\u00e9seaux sociaux.<\/strong><\/p>\n\n\n\n<p>Une sc\u00e8ne qu\u2019on a malheureusement d\u00e9j\u00e0 (trop) vu. Mardi soir, lors de la&nbsp;<a rel=\"noreferrer noopener\" target=\"_blank\" href=\"http:\/\/www.lefigaro.fr\/sports\/football\/ligue-des-champions\/ligue-des-champions-vinicius-vise-par-des-insultes-racistes-match-interrompu-le-real-madrid-et-mbappe-s-en-sortent-dans-le-chaos-a-lisbonne-20260217\">courte victoire du Real Madrid<\/a>&nbsp;\u00e0 l\u2019Estadio da Luz de Lisbonne face au Benfica de&nbsp;<a rel=\"noreferrer noopener\" target=\"_blank\" href=\"http:\/\/www.lefigaro.fr\/sports\/football\/ligue-des-champions\/benfica-n-est-pas-un-club-raciste-la-sortie-polemique-de-jose-mourinho-apres-les-insultes-envers-vinicius-20260218\">Jos\u00e9 Mourinho<\/a>&nbsp;(<a rel=\"noreferrer noopener\" target=\"_blank\" href=\"https:\/\/www.lefigaro.fr\/sports\/football\/live\/ligue-des-champions\/2025\/2625084\/sl-benfica-real-madrid\">0-1<\/a>), en&nbsp;<a rel=\"noreferrer noopener\" target=\"_blank\" href=\"https:\/\/www.lefigaro.fr\/sports\/football\/ligue-des-champions\">barrage aller de C1<\/a>, Vinicius, unique buteur du match sur une frappe enroul\u00e9e somptueuse (50e), a \u00e9t\u00e9 \u00e9galement, une nouvelle fois, au centre d\u2019un imbroglio.<\/p>\n\n\n\n<h2 class=\"wp-block-heading\">Apr\u00e8s avoir c\u00e9l\u00e9br\u00e9 son but, l\u2019ailier gauche du Real a eu une vive altercation avec le jeune attaquant benfiquiste Gianluca Prestianni, jusqu\u2019au point o\u00f9 le Br\u00e9silien, dans la foul\u00e9e, a d\u00e9clench\u00e9 le protocole antiracisme &#8211; en croisant les bras au niveau des poignets &#8211; avant d\u2019aller se plaindre aupr\u00e8s de l\u2019arbitre principal de la rencontre, Monsieur Letexier, d\u2019avoir \u00e9t\u00e9 insult\u00e9 \u00e0 plusieurs reprises de \u00absinge\u00bb par l\u2019Argentin.<strong><u><\/u><u><\/u><\/strong><\/h2>\n\n\n\n<h2 class=\"wp-block-heading\"><strong>\u00abRien de ce qui s\u2019est pass\u00e9 aujourd\u2019hui n\u2019est nouveau dans ma vie\u00bb<u><\/u><u><\/u><\/strong><\/h2>\n\n\n\n<p>Sans preuve formelle des injures racistes du joueur de 20 ans &#8211; qui a mis son maillot sur la bouche au moment du conflit -, les co\u00e9quipiers du Merengue sont \u00e9galement mont\u00e9s au cr\u00e9neau. Par la suite, une violente \u00e9chauffour\u00e9e a \u00e9clat\u00e9 entre les deux \u00e9quipes, avec un&nbsp;<a rel=\"noreferrer noopener\" target=\"_blank\" href=\"http:\/\/www.lefigaro.fr\/sports\/football\/ligue-des-champions\/benfica-real-madrid-mbappe-un-genou-qui-grince-et-un-rythme-effrene-jusqu-a-la-coupe-du-monde-20260217\">Kylian Mbapp\u00e9<\/a>&nbsp;notamment hors de lui, et un Vinicius voulant quitter la pelouse. La rencontre a donc \u00e9t\u00e9 interrompue durant huit minutes avant de reprendre dans une ambiance absolument d\u00e9l\u00e9t\u00e8re jusqu\u2019au coup de sifflet final.<\/p>\n\n\n\n<p><strong><em>Les racistes sont avant tout des l\u00e2ches. Ils doivent se mettre le maillot devant la bouche pour montrer \u00e0 quel point ils sont faibles. Mais ils b\u00e9n\u00e9ficient de la protection d\u2019autres qui, en th\u00e9orie, ont l\u2019obligation de les punir.<\/em><\/strong><strong><u><\/u><u><\/u><\/strong><\/p>\n\n\n\n<p><em>Vinicius sur Instagram<\/em><\/p>\n\n\n\n<p>Si les partenaires du n\u00b0 7 du Real se sont&nbsp;<a rel=\"noreferrer noopener\" target=\"_blank\" href=\"http:\/\/www.lefigaro.fr\/sports\/football\/ligue-des-champions\/benfica-real-madrid-vini-nous-a-dit-qu-il-a-ete-traite-de-singe-assure-le-francais-tchouameni-20260217\">exprim\u00e9s en zone mixte<\/a>&nbsp;apr\u00e8s la partie afin de le soutenir, le principal int\u00e9ress\u00e9 a pr\u00e9f\u00e9r\u00e9 lui s\u2019exprimer dans une story Instagram&nbsp;:&nbsp;<em>\u00abLes racistes sont avant tout des l\u00e2ches. Ils doivent se mettre le maillot devant la bouche pour montrer \u00e0 quel point ils sont faibles. Mais ils b\u00e9n\u00e9ficient de la protection d\u2019autres qui, en th\u00e9orie, ont l\u2019obligation de les punir. Rien de ce qui s\u2019est pass\u00e9 aujourd\u2019hui n\u2019est nouveau dans ma vie ni dans celle de mon \u00e9quipe.&nbsp;<\/em><\/p>\n","protected":false},"excerpt":{"rendered":"<p>Classement buteur Ligue Des Champions Pos Joueur \u00c9quipe V4 V3 V2 V1 1 Kylian Mbapp\u00e9 Real Madrid 3 1,44 9 13 2 Harry Kane Bayern Munich 3 1,11 9 10 3 Anthony Gordon Newcastle 5 0,83 12 10 4 Erling &hellip; <a href=\"http:\/\/scm-football.com\/accueil\/3113-2\/\">Continuer la lecture <span class=\"meta-nav\">&rarr;<\/span><\/a><\/p>\n","protected":false},"author":1,"featured_media":0,"parent":0,"menu_order":0,"comment_status":"closed","ping_status":"closed","template":"sidebar-page.php","meta":{"footnotes":""},"class_list":["post-3113","page","type-page","status-publish","hentry"],"_links":{"self":[{"href":"http:\/\/scm-football.com\/accueil\/wp-json\/wp\/v2\/pages\/3113","targetHints":{"allow":["GET"]}}],"collection":[{"href":"http:\/\/scm-football.com\/accueil\/wp-json\/wp\/v2\/pages"}],"about":[{"href":"http:\/\/scm-football.com\/accueil\/wp-json\/wp\/v2\/types\/page"}],"author":[{"embeddable":true,"href":"http:\/\/scm-football.com\/accueil\/wp-json\/wp\/v2\/users\/1"}],"replies":[{"embeddable":true,"href":"http:\/\/scm-football.com\/accueil\/wp-json\/wp\/v2\/comments?post=3113"}],"version-history":[{"count":42,"href":"http:\/\/scm-football.com\/accueil\/wp-json\/wp\/v2\/pages\/3113\/revisions"}],"predecessor-version":[{"id":3279,"href":"http:\/\/scm-football.com\/accueil\/wp-json\/wp\/v2\/pages\/3113\/revisions\/3279"}],"wp:attachment":[{"href":"http:\/\/scm-football.com\/accueil\/wp-json\/wp\/v2\/media?parent=3113"}],"curies":[{"name":"wp","href":"https:\/\/api.w.org\/{rel}","templated":true}]}}