{"id":20,"date":"2016-02-13T11:23:40","date_gmt":"2016-02-13T10:23:40","guid":{"rendered":"http:\/\/scm-football.com\/accueil\/?page_id=20"},"modified":"2026-01-08T15:54:01","modified_gmt":"2026-01-08T14:54:01","slug":"stages-pros","status":"publish","type":"page","link":"http:\/\/scm-football.com\/accueil\/stages-pros\/","title":{"rendered":"\u2013 S-C&amp;M Stages Pros \u2013"},"content":{"rendered":"<div style=\"font-size: 20px;\">\n<h2 style=\"text-align: center;\">\u00a0<\/h2>\n<h2>\u00ab <strong>S-C&amp;M<\/strong> s\u2019adapte \u00e0\u00a0toutes vos exigences \u00bb<\/h2>\n<p>Depuis plus de 35 ans,\u00a0<strong>le Groupe S-C&amp;M<\/strong>\u00a0a d\u00e9velopp\u00e9 tout un r\u00e9seau \u00e0\u00a0travers le monde afin de proposer un plus grand choix de destinations, de prestations, de pr\u00e9paration et de placements de joueurs au niveau\u00a0mondial.<\/p>\n<p><strong>Stages de pr\u00e9 saison<\/strong> en Turquie ou autres pays s\u00e9lectionn\u00e9s :<\/p>\n<h2>Bolu et Bodrum en \u00e9t\u00e9 et Antalya en hiver<\/h2>\n<ul>\n<li>H\u00e9bergement dans des h\u00f4tels de grand standing (5* ou palace) chambre single ou double<\/li>\n<li>Pension compl\u00e8te<\/li>\n<li>Salon privatis\u00e9<\/li>\n<li>Piscine, Sauna, Hammam, salle de musculation<\/li>\n<li>Terrain de football<\/li>\n<li>A\/R billets avion, a\u00e9roport \u00e0 h\u00f4tel \/ h\u00f4tel a\u00e9roport en bus tout confort<\/li>\n<li>4 matchs amicaux (pour 10 jours) \u00e0 6 \u00e0 8 matchs amicaux (pour 20 jours)<\/li>\n<\/ul>\n<p style=\"text-align: left;\"><strong>Stages d\u2019\u00e9t\u00e9\u2026\u00a0 Stages de pr\u00e9-saison\u2026\u00a0 Stages de mise au vert\u2026<\/strong><\/p>\n<p style=\"text-align: left;\"><em>Pour le futur stage de votre \u00e9quipe, n\u2019h\u00e9sitez pas \u00e0\u00a0nous contacter.<\/em><\/p>\n<p style=\"text-align: left;\"><em>Nous vous sugg\u00e9rerons les services les plus appropri\u00e9s en respectant votre cahier des charges au <strong>MEILLEUR TARIF \u2013 Qualit\u00e9 \u2013 Prix !!!<\/strong><\/em><\/p>\n<\/div>\n\n\n<p><strong><strong>Contact :\u00a0<a href=\"mailto:office@scm-football.com\" target=\"_blank\" rel=\"noreferrer noopener\">office@scm-football.com<\/a><\/strong><\/strong><\/p>\n","protected":false},"excerpt":{"rendered":"<p>\u00a0 \u00ab S-C&amp;M s\u2019adapte \u00e0\u00a0toutes vos exigences \u00bb Depuis plus de 35 ans,\u00a0le Groupe S-C&amp;M\u00a0a d\u00e9velopp\u00e9 tout un r\u00e9seau \u00e0\u00a0travers le monde afin de proposer un plus grand choix de destinations, de prestations, de pr\u00e9paration et de placements de joueurs &hellip; <a href=\"http:\/\/scm-football.com\/accueil\/stages-pros\/\">Continuer la lecture <span class=\"meta-nav\">&rarr;<\/span><\/a><\/p>\n","protected":false},"author":1,"featured_media":0,"parent":0,"menu_order":0,"comment_status":"closed","ping_status":"closed","template":"sidebar-page.php","meta":{"footnotes":""},"class_list":["post-20","page","type-page","status-publish","hentry"],"_links":{"self":[{"href":"http:\/\/scm-football.com\/accueil\/wp-json\/wp\/v2\/pages\/20","targetHints":{"allow":["GET"]}}],"collection":[{"href":"http:\/\/scm-football.com\/accueil\/wp-json\/wp\/v2\/pages"}],"about":[{"href":"http:\/\/scm-football.com\/accueil\/wp-json\/wp\/v2\/types\/page"}],"author":[{"embeddable":true,"href":"http:\/\/scm-football.com\/accueil\/wp-json\/wp\/v2\/users\/1"}],"replies":[{"embeddable":true,"href":"http:\/\/scm-football.com\/accueil\/wp-json\/wp\/v2\/comments?post=20"}],"version-history":[{"count":18,"href":"http:\/\/scm-football.com\/accueil\/wp-json\/wp\/v2\/pages\/20\/revisions"}],"predecessor-version":[{"id":2692,"href":"http:\/\/scm-football.com\/accueil\/wp-json\/wp\/v2\/pages\/20\/revisions\/2692"}],"wp:attachment":[{"href":"http:\/\/scm-football.com\/accueil\/wp-json\/wp\/v2\/media?parent=20"}],"curies":[{"name":"wp","href":"https:\/\/api.w.org\/{rel}","templated":true}]}}