{"id":16,"date":"2016-02-13T11:21:13","date_gmt":"2016-02-13T10:21:13","guid":{"rendered":"http:\/\/scm-football.com\/accueil\/?page_id=16"},"modified":"2026-03-24T22:39:27","modified_gmt":"2026-03-24T21:39:27","slug":"interviews-joueurs","status":"publish","type":"page","link":"http:\/\/scm-football.com\/accueil\/interviews-joueurs\/","title":{"rendered":"&#8211; INTERVIEWS JOUEURS &#8211;"},"content":{"rendered":"\n<p><strong><br>Le groupe SCM souhaite la bienvenue \u00e0 la fl\u00e8che Alioune TOUR\u00c9<\/strong><\/p>\n\n\n\n<figure class=\"wp-block-embed is-type-video is-provider-youtube wp-block-embed-youtube wp-embed-aspect-16-9 wp-has-aspect-ratio\"><div class=\"wp-block-embed__wrapper\">\n<iframe loading=\"lazy\" title=\"Alioune Tour\u00e9 (PSG, Manchester City, Cristiano Ronaldo, Ronaldinho...) Par Allyteams\" width=\"584\" height=\"329\" src=\"https:\/\/www.youtube.com\/embed\/Vdvr7nSY6F8?feature=oembed\" frameborder=\"0\" allow=\"accelerometer; autoplay; clipboard-write; encrypted-media; gyroscope; picture-in-picture; web-share\" referrerpolicy=\"strict-origin-when-cross-origin\" allowfullscreen><\/iframe>\n<\/div><\/figure>\n\n\n\n<figure class=\"wp-block-embed is-type-video is-provider-youtube wp-block-embed-youtube wp-embed-aspect-16-9 wp-has-aspect-ratio\"><div class=\"wp-block-embed__wrapper\">\n<iframe loading=\"lazy\" title=\"FACE CAM - ALIOUNE TOURE\" width=\"584\" height=\"329\" src=\"https:\/\/www.youtube.com\/embed\/o3KXm8igmKk?feature=oembed\" frameborder=\"0\" allow=\"accelerometer; autoplay; clipboard-write; encrypted-media; gyroscope; picture-in-picture; web-share\" referrerpolicy=\"strict-origin-when-cross-origin\" allowfullscreen><\/iframe>\n<\/div><\/figure>\n","protected":false},"excerpt":{"rendered":"<p>Le groupe SCM souhaite la bienvenue \u00e0 la fl\u00e8che Alioune TOUR\u00c9<\/p>\n","protected":false},"author":1,"featured_media":0,"parent":0,"menu_order":0,"comment_status":"closed","ping_status":"closed","template":"sidebar-page.php","meta":{"footnotes":""},"class_list":["post-16","page","type-page","status-publish","hentry"],"_links":{"self":[{"href":"http:\/\/scm-football.com\/accueil\/wp-json\/wp\/v2\/pages\/16","targetHints":{"allow":["GET"]}}],"collection":[{"href":"http:\/\/scm-football.com\/accueil\/wp-json\/wp\/v2\/pages"}],"about":[{"href":"http:\/\/scm-football.com\/accueil\/wp-json\/wp\/v2\/types\/page"}],"author":[{"embeddable":true,"href":"http:\/\/scm-football.com\/accueil\/wp-json\/wp\/v2\/users\/1"}],"replies":[{"embeddable":true,"href":"http:\/\/scm-football.com\/accueil\/wp-json\/wp\/v2\/comments?post=16"}],"version-history":[{"count":10,"href":"http:\/\/scm-football.com\/accueil\/wp-json\/wp\/v2\/pages\/16\/revisions"}],"predecessor-version":[{"id":3283,"href":"http:\/\/scm-football.com\/accueil\/wp-json\/wp\/v2\/pages\/16\/revisions\/3283"}],"wp:attachment":[{"href":"http:\/\/scm-football.com\/accueil\/wp-json\/wp\/v2\/media?parent=16"}],"curies":[{"name":"wp","href":"https:\/\/api.w.org\/{rel}","templated":true}]}}