{"id":1451,"date":"2025-12-21T20:32:34","date_gmt":"2025-12-21T19:32:34","guid":{"rendered":"https:\/\/scm-football.com\/accueil\/?page_id=1451"},"modified":"2026-01-07T14:55:07","modified_gmt":"2026-01-07T13:55:07","slug":"aspect-juridique-2","status":"publish","type":"page","link":"http:\/\/scm-football.com\/accueil\/aspect-juridique-2\/","title":{"rendered":"&#8211; ASPECT JURIDIQUE &#8211;"},"content":{"rendered":"\n<h1 class=\"wp-block-heading has-text-align-center\"><\/h1>\n\n\n<a href=\"http:\/\/scm-football.com\/accueil\/wp-content\/uploads\/2025\/12\/Reglement-sur-la-collaboration-avec-les-intermediaires.pdf\" class=\"pdfemb-viewer\" style=\"\" data-width=\"max\" data-height=\"max\" data-toolbar=\"top\" data-toolbar-fixed=\"on\">Reglement-sur-la-collaboration-avec-les-intermediaires<\/a>\n\n\n<p><strong><a href=\"http:\/\/scm-football.com\/accueil\/wp-content\/uploads\/2025\/12\/Reglement-sur-la-collaboration-avec-les-intermediaires.pdf\" target=\"_blank\" rel=\"noreferrer noopener\">T\u00e9l\u00e9charger Reglement sur la collaboration avec les intermediaires <\/a><\/strong><\/p>\n\n\n<a href=\"http:\/\/scm-football.com\/accueil\/wp-content\/uploads\/2025\/12\/FIFA_Reglement-Transfert-Joueurs-2025_FR_V9.pdf\" class=\"pdfemb-viewer\" style=\"\" data-width=\"max\" data-height=\"max\" data-toolbar=\"top\" data-toolbar-fixed=\"on\">FIFA_Reglement-Transfert-Joueurs-2025_FR_V9<\/a>\n\n\n<p><strong><a href=\"https:\/\/scm-football.com\/accueil\/wp-content\/uploads\/2025\/12\/FIFA_Reglement-Transfert-Joueurs-2025_FR_V9.pdf\" target=\"_blank\" rel=\"noreferrer noopener\">T\u00e9l\u00e9charger FIFA R\u00e8glement-Transfert Joueurs 2025<\/a><\/strong><\/p>\n\n\n<a href=\"http:\/\/scm-football.com\/accueil\/wp-content\/uploads\/2025\/12\/Football-Agents-in-International-Transfers-November-2023-FCv2s.pdf\" class=\"pdfemb-viewer\" style=\"\" data-width=\"max\" data-height=\"max\" data-toolbar=\"top\" data-toolbar-fixed=\"on\">Football-Agents-in-International-Transfers-November-2023-FCv2s<\/a>\n\n\n<p><p style=\"backround-color:#CCC;color:#fff\"><strong><a href=\"https:\/\/scm-football.com\/accueil\/wp-content\/uploads\/2025\/12\/Football-Agents-in-International-Transfers-November-2023-FCv2s.pdf\" target=\"_blank\" rel=\"noreferrer noopener\">T\u00e9l\u00e9charger Football Agents in International Transfers-November 2023<\/a><\/strong><\/p><\/p>\n\n\n\n<p><\/p>\n","protected":false},"excerpt":{"rendered":"<p>T\u00e9l\u00e9charger Reglement sur la collaboration avec les intermediaires T\u00e9l\u00e9charger FIFA R\u00e8glement-Transfert Joueurs 2025 T\u00e9l\u00e9charger Football Agents in International Transfers-November 2023<\/p>\n","protected":false},"author":1,"featured_media":0,"parent":0,"menu_order":0,"comment_status":"closed","ping_status":"closed","template":"sidebar-page.php","meta":{"footnotes":""},"class_list":["post-1451","page","type-page","status-publish","hentry"],"_links":{"self":[{"href":"http:\/\/scm-football.com\/accueil\/wp-json\/wp\/v2\/pages\/1451","targetHints":{"allow":["GET"]}}],"collection":[{"href":"http:\/\/scm-football.com\/accueil\/wp-json\/wp\/v2\/pages"}],"about":[{"href":"http:\/\/scm-football.com\/accueil\/wp-json\/wp\/v2\/types\/page"}],"author":[{"embeddable":true,"href":"http:\/\/scm-football.com\/accueil\/wp-json\/wp\/v2\/users\/1"}],"replies":[{"embeddable":true,"href":"http:\/\/scm-football.com\/accueil\/wp-json\/wp\/v2\/comments?post=1451"}],"version-history":[{"count":31,"href":"http:\/\/scm-football.com\/accueil\/wp-json\/wp\/v2\/pages\/1451\/revisions"}],"predecessor-version":[{"id":2486,"href":"http:\/\/scm-football.com\/accueil\/wp-json\/wp\/v2\/pages\/1451\/revisions\/2486"}],"wp:attachment":[{"href":"http:\/\/scm-football.com\/accueil\/wp-json\/wp\/v2\/media?parent=1451"}],"curies":[{"name":"wp","href":"https:\/\/api.w.org\/{rel}","templated":true}]}}