{"id":141,"date":"2016-02-13T13:41:07","date_gmt":"2016-02-13T12:41:07","guid":{"rendered":"http:\/\/scm-football.com\/accueil\/?page_id=141"},"modified":"2026-01-09T11:15:05","modified_gmt":"2026-01-09T10:15:05","slug":"jeux","status":"publish","type":"page","link":"http:\/\/scm-football.com\/accueil\/jeux\/","title":{"rendered":"&#8211; JEUX FOOT &#8211;"},"content":{"rendered":"<div class=\"responsive-tabs\">\n<h2 class=\"tabtitle\">FC26 \u00c9DITION STANDARD<\/h2>\n<div class=\"tabcontent\">\n\n\n\n\n<strong>FC26 \u00c9dition Standard<\/strong><hr>\n\n\n\n<p><strong>DATE DE SORTIE&nbsp;: 26 SEPTEMBRE 2025<\/strong><\/p>\n\n\n\n<figure class=\"wp-block-image size-full\"><img loading=\"lazy\" decoding=\"async\" width=\"833\" height=\"856\" src=\"https:\/\/scm-football.com\/accueil\/wp-content\/uploads\/2025\/12\/image-15.png\" alt=\"\" class=\"wp-image-1464\" srcset=\"http:\/\/scm-football.com\/accueil\/wp-content\/uploads\/2025\/12\/image-15.png 833w, http:\/\/scm-football.com\/accueil\/wp-content\/uploads\/2025\/12\/image-15-292x300.png 292w, http:\/\/scm-football.com\/accueil\/wp-content\/uploads\/2025\/12\/image-15-768x789.png 768w\" sizes=\"auto, (max-width: 833px) 100vw, 833px\" \/><\/figure>\n\n\n\n<figure class=\"wp-block-embed is-type-video is-provider-youtube wp-block-embed-youtube wp-embed-aspect-16-9 wp-has-aspect-ratio\"><div class=\"wp-block-embed__wrapper\">\n<iframe loading=\"lazy\" title=\"NOTRE PREMIER MATCH SUR FC26 ! ON D\u00c9COUVRE LE JEU ! EA Sports FC 26\" width=\"584\" height=\"329\" src=\"https:\/\/www.youtube.com\/embed\/7E2D8jwi4GQ?feature=oembed\" frameborder=\"0\" allow=\"accelerometer; autoplay; clipboard-write; encrypted-media; gyroscope; picture-in-picture; web-share\" referrerpolicy=\"strict-origin-when-cross-origin\" allowfullscreen><\/iframe>\n<\/div><\/figure>\n\n\n\n<p><strong>FIFA 26<\/strong> transforme votre mani\u00e8re de jouer et de vous connecter \u00e9motionnellement avec le jeu.<br><strong>FIFA 26<\/strong> vous plonge au c\u0153ur du r\u00e9alisme gr\u00e2ce \u00e0 un nouveau moteur de jeu sophistiqu\u00e9. Vous d\u00e9couvrirez des footballeurs plus complets, capables d\u2019\u00e9motion et \u00e9voluant dans de nouveaux univers exclusifs au jeu. Vous serez le ma\u00eetre absolu sur le terrain avec des joueurs capables de penser et de se d\u00e9placer, d\u2019interagir avec leurs adversaires et de poser leurs attaques de mani\u00e8re innovante.<br><\/p>\n\n\n\n<\/div><h2 class=\"tabtitle\">MANAGER 2026<\/h2>\n<div class=\"tabcontent\">\n\n\n\n\n<strong>Football Manager 2026<\/strong><hr>\n\n\n\n<p><strong>DATE DE SORTIE : 4 NOVEMBRE 2025<\/strong><\/p>\n\n\n\n<figure class=\"wp-block-image\"><img loading=\"lazy\" decoding=\"async\" width=\"623\" height=\"367\" src=\"https:\/\/scm-football.com\/accueil\/wp-content\/uploads\/2025\/12\/image-16.png\" alt=\"\" class=\"wp-image-1466\" srcset=\"http:\/\/scm-football.com\/accueil\/wp-content\/uploads\/2025\/12\/image-16.png 623w, http:\/\/scm-football.com\/accueil\/wp-content\/uploads\/2025\/12\/image-16-300x177.png 300w, http:\/\/scm-football.com\/accueil\/wp-content\/uploads\/2025\/12\/image-16-500x295.png 500w\" sizes=\"auto, (max-width: 623px) 100vw, 623px\" \/><\/figure>\n\n\n\n<p>Nous y sommes, la sortie officielle de <strong>Football Manager 2026<\/strong> a enfin eu lieu !<\/p>\n\n\n\n<p>Tous les managers peuvent d\u00e9sormais profiter de leur jeu pr\u00e9f\u00e9r\u00e9, en version compl\u00e8te. C\u2019parti pour de longs week-ends.<\/p>\n\n\n<\/div><\/div>\n\n\n\n<p><\/p>\n\n\n\n<p><\/p>\n","protected":false},"excerpt":{"rendered":"<p>FC26 \u00c9dition Standard DATE DE SORTIE&nbsp;: 26 SEPTEMBRE 2025 FIFA 26 transforme votre mani\u00e8re de jouer et de vous connecter \u00e9motionnellement avec le jeu.FIFA 26 vous plonge au c\u0153ur du r\u00e9alisme gr\u00e2ce \u00e0 un nouveau moteur de jeu sophistiqu\u00e9. Vous &hellip; <a href=\"http:\/\/scm-football.com\/accueil\/jeux\/\">Continuer la lecture <span class=\"meta-nav\">&rarr;<\/span><\/a><\/p>\n","protected":false},"author":1,"featured_media":0,"parent":0,"menu_order":0,"comment_status":"closed","ping_status":"closed","template":"sidebar-page.php","meta":{"footnotes":""},"class_list":["post-141","page","type-page","status-publish","hentry"],"_links":{"self":[{"href":"http:\/\/scm-football.com\/accueil\/wp-json\/wp\/v2\/pages\/141","targetHints":{"allow":["GET"]}}],"collection":[{"href":"http:\/\/scm-football.com\/accueil\/wp-json\/wp\/v2\/pages"}],"about":[{"href":"http:\/\/scm-football.com\/accueil\/wp-json\/wp\/v2\/types\/page"}],"author":[{"embeddable":true,"href":"http:\/\/scm-football.com\/accueil\/wp-json\/wp\/v2\/users\/1"}],"replies":[{"embeddable":true,"href":"http:\/\/scm-football.com\/accueil\/wp-json\/wp\/v2\/comments?post=141"}],"version-history":[{"count":45,"href":"http:\/\/scm-football.com\/accueil\/wp-json\/wp\/v2\/pages\/141\/revisions"}],"predecessor-version":[{"id":2790,"href":"http:\/\/scm-football.com\/accueil\/wp-json\/wp\/v2\/pages\/141\/revisions\/2790"}],"wp:attachment":[{"href":"http:\/\/scm-football.com\/accueil\/wp-json\/wp\/v2\/media?parent=141"}],"curies":[{"name":"wp","href":"https:\/\/api.w.org\/{rel}","templated":true}]}}