{"id":1110,"date":"2016-02-13T11:48:52","date_gmt":"2016-02-13T10:48:52","guid":{"rendered":"http:\/\/scm-football.com\/accueil\/?page_id=35"},"modified":"2026-02-27T09:40:42","modified_gmt":"2026-02-27T08:40:42","slug":"resultats-europeens-2","status":"publish","type":"page","link":"http:\/\/scm-football.com\/accueil\/resultats-europeens-2\/","title":{"rendered":"&#8211; R\u00c9SULTATS MONDIAUX &#8211;"},"content":{"rendered":"\n<p class=\"has-text-align-center\"><strong>Les qualifi\u00e9s de la Ligue des Champions 2026<\/strong><\/p>\n\n\n\n<figure class=\"wp-block-image size-large\"><img loading=\"lazy\" decoding=\"async\" width=\"807\" height=\"1024\" src=\"https:\/\/scm-football.com\/accueil\/wp-content\/uploads\/2026\/02\/Les-qualifies-de-La-Ligue-des-Champions-807x1024.jpg\" alt=\"\" class=\"wp-image-3180\" srcset=\"http:\/\/scm-football.com\/accueil\/wp-content\/uploads\/2026\/02\/Les-qualifies-de-La-Ligue-des-Champions-807x1024.jpg 807w, http:\/\/scm-football.com\/accueil\/wp-content\/uploads\/2026\/02\/Les-qualifies-de-La-Ligue-des-Champions-237x300.jpg 237w, http:\/\/scm-football.com\/accueil\/wp-content\/uploads\/2026\/02\/Les-qualifies-de-La-Ligue-des-Champions-768x974.jpg 768w, http:\/\/scm-football.com\/accueil\/wp-content\/uploads\/2026\/02\/Les-qualifies-de-La-Ligue-des-Champions.jpg 1088w\" sizes=\"auto, (max-width: 807px) 100vw, 807px\" \/><\/figure>\n\n\n\n<p><strong><br>L&#8217;OM en t\u00eate des stats individuelles<\/strong><strong><\/strong><\/p>\n\n\n\n<p><strong><br><\/strong>Si collectivement, Marseille est dans le dur r\u00e9cemment, ses stars trustent les premi\u00e8re places des distinctions individuelles.&nbsp;<a href=\"https:\/\/www.transfermarkt.fr\/mason-greenwood\/profil\/spieler\/532826\" target=\"_blank\" rel=\"noreferrer noopener\">Mason Greenwood<\/a>&nbsp;est le meilleur buteur du championnat, avec 11 r\u00e9alisations, quand&nbsp;<a href=\"https:\/\/www.transfermarkt.fr\/pierre-emerick-aubameyang\/profil\/spieler\/58864\" target=\"_blank\" rel=\"noreferrer noopener\">Pierre-EmerickAubameyang<\/a>&nbsp;est en t\u00eate du classement des passeurs (\u00e0 \u00e9galit\u00e9 avec&nbsp;<a href=\"https:\/\/www.transfermarkt.fr\/adrien-thomasson\/profil\/spieler\/215977\" target=\"_blank\" rel=\"noreferrer noopener\">Adrien Thomasson<\/a>,&nbsp;<a href=\"https:\/\/www.transfermarkt.fr\/ludovic-ajorque\/profil\/spieler\/283994\" target=\"_blank\" rel=\"noreferrer noopener\">Ludovic Ajorque<\/a>&nbsp;et&nbsp;<a href=\"https:\/\/www.transfermarkt.fr\/vitinha\/profil\/spieler\/487469\" target=\"_blank\" rel=\"noreferrer noopener\">Vitinha<\/a>).<\/p>\n\n\n\n<p><strong><br><\/strong>Les deux Olympiens sont sur le podium&nbsp;<a href=\"https:\/\/www.transfermarkt.fr\/ligue-1\/scorerliste\/wettbewerb\/FR1\/saison_id\/2025\">des joueurs les plus d\u00e9cisifs<\/a>&nbsp;depuis le d\u00e9but de saison (l&#8217;Anglais est premier, le Gabonais troisi\u00e8me), seulement s\u00e9par\u00e9s par le bluffant&nbsp;<a href=\"https:\/\/www.transfermarkt.fr\/est-ban-lepaul\/profil\/spieler\/461607\" target=\"_blank\" rel=\"noreferrer noopener\">EstebanLepaul<\/a>.<\/p>\n\n\n\n<p><strong><br>Les stats qui statent !<\/strong><strong><\/strong><\/p>\n\n\n\n<p><br>Si l&#8217;on ne prend en compte que les&nbsp;<a href=\"https:\/\/www.transfermarkt.fr\/ligue-1\/tabellespielerland\/wettbewerb\/FR1\">buteurs fran\u00e7ais depuis le d\u00e9but de saison<\/a>, Lens garderait la t\u00eate du championnat (37 points) mais devancerait&#8230;&nbsp;<a href=\"https:\/\/www.transfermarkt.fr\/stade-rennais-fc\/startseite\/verein\/273\" target=\"_blank\" rel=\"noreferrer noopener\">Rennes<\/a>&nbsp;et le PSG (34 points chacun),&nbsp;<a href=\"https:\/\/www.transfermarkt.fr\/losc-lille\/startseite\/verein\/1082\" target=\"_blank\" rel=\"noreferrer noopener\">Lille<\/a>&nbsp;serait quatri\u00e8me (29), juste devant&nbsp;<a href=\"https:\/\/www.transfermarkt.fr\/stade-brestois-29\/startseite\/verein\/3911\" target=\"_blank\" rel=\"noreferrer noopener\">Brest<\/a>&nbsp;(23) et&nbsp;<a href=\"https:\/\/www.transfermarkt.fr\/angers-sco\/startseite\/verein\/1420\" target=\"_blank\" rel=\"noreferrer noopener\">Angers<\/a>&nbsp;(23) !<\/p>\n\n\n\n<p><br>En revanche, en consid\u00e9rant uniquement&nbsp;<a href=\"https:\/\/www.transfermarkt.fr\/ligue-1\/tabellespielernotland\/wettbewerb\/FR1\">les buteurs \u00e9trangers<\/a>, l&#8217;OM,&nbsp;<a href=\"https:\/\/www.transfermarkt.fr\/rc-strasbourg-alsace\/startseite\/verein\/667\" target=\"_blank\" rel=\"noreferrer noopener\">Strasbourg<\/a>&nbsp;et l&#8217;&nbsp;<a href=\"https:\/\/www.transfermarkt.fr\/olympique-lyonnais\/startseite\/verein\/1041\" target=\"_blank\" rel=\"noreferrer noopener\">OL<\/a>&nbsp;se partageraient la t\u00eate (35 points) devant le PSG (33).<\/p>\n\n\n\n<p><strong><br><\/strong><a href=\"https:\/\/www.transfermarkt.fr\/ligue-1\/joker\/wettbewerb\/FR1\">Les meilleurs &#8220;supersub&#8221;<\/a>&nbsp;de la saison se nomment pour le moment&nbsp;<a href=\"https:\/\/www.transfermarkt.fr\/hamza-igamane\/profil\/spieler\/885445\" target=\"_blank\" rel=\"noreferrer noopener\">Hamza Igamane<\/a>&nbsp;et&nbsp;<a href=\"https:\/\/www.transfermarkt.fr\/robinio-vaz\/profil\/spieler\/1131161\" target=\"_blank\" rel=\"noreferrer noopener\">RobinioVaz<\/a>&nbsp;(4 buts et 1 passe d\u00e9cisive chacun), devant&nbsp;<a href=\"https:\/\/www.transfermarkt.fr\/pablo-pagis\/profil\/spieler\/810411\" target=\"_blank\" rel=\"noreferrer noopener\">Pablo Pagis<\/a>&nbsp;et&nbsp;<a href=\"https:\/\/www.transfermarkt.fr\/ansu-fati\/profil\/spieler\/466810\" target=\"_blank\" rel=\"noreferrer noopener\">Ansu Fati<\/a>&nbsp;(3 buts).<\/p>\n\n\n\n<p>Les joueurs les plus avertis sont&nbsp;<a href=\"https:\/\/www.transfermarkt.fr\/benjamin-andr-\/profil\/spieler\/84301\" target=\"_blank\" rel=\"noreferrer noopener\">Benjamin Andr\u00e9<\/a>&nbsp;et&nbsp;<a href=\"https:\/\/www.transfermarkt.fr\/chidozie-awaziem\/profil\/spieler\/358143\" target=\"_blank\" rel=\"noreferrer noopener\">ChidozieAzawiem<\/a>&nbsp;(6 jaunes), les deux seuls expuls\u00e9s \u00e0 deux reprises&nbsp;<a href=\"https:\/\/www.transfermarkt.fr\/thilo-kehrer\/profil\/spieler\/228948\" target=\"_blank\" rel=\"noreferrer noopener\">ThiloKehrer<\/a>&nbsp;et&nbsp;<a href=\"https:\/\/www.transfermarkt.fr\/sadibou-san-\/profil\/spieler\/1111777\" target=\"_blank\" rel=\"noreferrer noopener\">SadibouSan\u00e9<\/a>.<\/p>\n\n\n\n<p><br>Enfin, ils sont sept \u00e0 avoir disput\u00e9 toutes les minutes de jeu des 17 premi\u00e8res journ\u00e9es, dont seulement trois gardiens (<a href=\"https:\/\/www.transfermarkt.fr\/guillaume-restes\/profil\/spieler\/912902\" target=\"_blank\" rel=\"noreferrer noopener\">Guillaume Restes<\/a>,&nbsp;<a href=\"https:\/\/www.transfermarkt.fr\/brice-samba\/profil\/spieler\/191056\" target=\"_blank\" rel=\"noreferrer noopener\">Brice Samba<\/a>&nbsp;et&nbsp;<a href=\"https:\/\/www.transfermarkt.fr\/robin-risser\/profil\/spieler\/743515\" target=\"_blank\" rel=\"noreferrer noopener\">Robin Risser<\/a>). Les quatre joueurs de champ qui les accompagnent sont&nbsp;<a href=\"https:\/\/www.transfermarkt.fr\/charlie-cresswell\/profil\/spieler\/597659\" target=\"_blank\" rel=\"noreferrer noopener\">Charlie Cresswell<\/a>,&nbsp;<a href=\"https:\/\/www.transfermarkt.fr\/issa-soumar-\/profil\/spieler\/568698\" target=\"_blank\" rel=\"noreferrer noopener\">Issa Soumar\u00e9<\/a>,&nbsp;<a href=\"https:\/\/www.transfermarkt.fr\/kelvin-amian\/profil\/spieler\/344072\" target=\"_blank\" rel=\"noreferrer noopener\">Kelvin Amian<\/a>&nbsp;et&nbsp;<a href=\"https:\/\/www.transfermarkt.fr\/jordan-lefort\/profil\/spieler\/192492\" target=\"_blank\" rel=\"noreferrer noopener\">Jordan Lefort<\/a>.<\/p>\n","protected":false},"excerpt":{"rendered":"<p>Les qualifi\u00e9s de la Ligue des Champions 2026 L&#8217;OM en t\u00eate des stats individuelles Si collectivement, Marseille est dans le dur r\u00e9cemment, ses stars trustent les premi\u00e8re places des distinctions individuelles.&nbsp;Mason Greenwood&nbsp;est le meilleur buteur du championnat, avec 11 r\u00e9alisations, &hellip; <a href=\"http:\/\/scm-football.com\/accueil\/resultats-europeens-2\/\">Continuer la lecture <span class=\"meta-nav\">&rarr;<\/span><\/a> <a href=\"http:\/\/scm-football.com\/accueil\/resultats-europeens-2\/\">Continuer la lecture <span class=\"meta-nav\">&rarr;<\/span><\/a><\/p>\n","protected":false},"author":1,"featured_media":0,"parent":0,"menu_order":0,"comment_status":"closed","ping_status":"closed","template":"sidebar-page.php","meta":{"footnotes":""},"class_list":["post-1110","page","type-page","status-publish","hentry"],"_links":{"self":[{"href":"http:\/\/scm-football.com\/accueil\/wp-json\/wp\/v2\/pages\/1110","targetHints":{"allow":["GET"]}}],"collection":[{"href":"http:\/\/scm-football.com\/accueil\/wp-json\/wp\/v2\/pages"}],"about":[{"href":"http:\/\/scm-football.com\/accueil\/wp-json\/wp\/v2\/types\/page"}],"author":[{"embeddable":true,"href":"http:\/\/scm-football.com\/accueil\/wp-json\/wp\/v2\/users\/1"}],"replies":[{"embeddable":true,"href":"http:\/\/scm-football.com\/accueil\/wp-json\/wp\/v2\/comments?post=1110"}],"version-history":[{"count":8,"href":"http:\/\/scm-football.com\/accueil\/wp-json\/wp\/v2\/pages\/1110\/revisions"}],"predecessor-version":[{"id":3183,"href":"http:\/\/scm-football.com\/accueil\/wp-json\/wp\/v2\/pages\/1110\/revisions\/3183"}],"wp:attachment":[{"href":"http:\/\/scm-football.com\/accueil\/wp-json\/wp\/v2\/media?parent=1110"}],"curies":[{"name":"wp","href":"https:\/\/api.w.org\/{rel}","templated":true}]}}